{"id":13476,"date":"2025-10-27T16:08:18","date_gmt":"2025-10-27T16:08:18","guid":{"rendered":"https:\/\/natura.essedi.es\/?page_id=13476"},"modified":"2026-02-03T15:24:25","modified_gmt":"2026-02-03T15:24:25","slug":"tu-presupuesto","status":"publish","type":"page","link":"https:\/\/www.naturajardineria.es\/en\/tu-presupuesto\/","title":{"rendered":"Tu presupuesto"},"content":{"rendered":"<div data-elementor-type=\"wp-page\" data-elementor-id=\"13476\" class=\"elementor elementor-13476\">\n\t\t\t\t\t\t<div class=\"elementor-section elementor-top-section elementor-element elementor-element-ed85ab1 elementor-section-stretched cd-bg-color-white elementor-section-boxed elementor-section-height-default elementor-section-height-default\" data-id=\"ed85ab1\" data-element_type=\"section\" data-settings=\"{&quot;stretch_section&quot;:&quot;section-stretched&quot;}\">\n\t\t\t\t\t\t<div class=\"elementor-container elementor-column-gap-no\">\n\t\t\t\t\t<div class=\"elementor-column elementor-col-100 elementor-top-column elementor-element elementor-element-be0e8d9 cd-bg-color-white\" data-id=\"be0e8d9\" data-element_type=\"column\">\n\t\t\t<div class=\"elementor-widget-wrap elementor-element-populated\">\n\t\t\t\t\t\t<div class=\"elementor-element elementor-element-c9866f8 elementor-widget elementor-widget-hkangles-custom-heading\" data-id=\"c9866f8\" data-element_type=\"widget\" data-widget_type=\"hkangles-custom-heading.default\">\n\t\t\t\t<div class=\"elementor-widget-container\">\n\t\t\t\t\t\t\t<div class=\"hkangles_custom_heading_wrapper hkangles-custom-heading834735532 custom-heading-style-1 subtitle-text-uppercase title-text-capitalize heading-alignment-center\">\r\n\t\t\t<div class=\"hkangles-custom-heading-wrapper\">\r\n\t\t\t<div class=\"hkangles-heading-subtitle-wrapper\">\r\n\t\t\t<h3 class=\"heading-subtitle\">\r\n\t\t\t\tPide presupuesto\t\t\t<\/h3>\r\n\t\t<\/div>\r\n\t\t\t\t<div class=\"hkangles-heading-title-wrapper\">\r\n\t\t\t<h3 class=\"heading-title\">\r\n\t\t\t\tTu jard\u00edn perfecto empieza aqu\u00ed\t\t\t<\/h3>\r\n\t\t<\/div>\r\n\t\t<\/div>\t\t<\/div>\r\n\t\t\t\t\t\t<\/div>\n\t\t\t\t<\/div>\n\t\t\t\t<div class=\"elementor-element elementor-element-b14293a elementor-widget__width-initial elementor-widget elementor-widget-text-editor\" data-id=\"b14293a\" data-element_type=\"widget\" data-widget_type=\"text-editor.default\">\n\t\t\t\t\t\t\t\t\t<p>Cu\u00e9ntanos qu\u00e9 necesitas y te prepararemos un presupuesto personalizado, <strong>sin compromiso<\/strong>. Nos adaptamos a tus tiempos, respetamos tu espacio y garantizamos la m\u00e1xima profesionalidad en cada trabajo.<\/p>\t\t\t\t\t\t\t\t<\/div>\n\t\t\t\t\t<\/div>\n\t\t<\/div>\n\t\t\t\t\t<\/div>\n\t\t<\/div>\n\t\t\t\t<div class=\"elementor-section elementor-top-section elementor-element elementor-element-0b92d75 elementor-section-stretched cd-bg-color-white elementor-section-boxed elementor-section-height-default elementor-section-height-default\" data-id=\"0b92d75\" data-element_type=\"section\" data-settings=\"{&quot;stretch_section&quot;:&quot;section-stretched&quot;}\">\n\t\t\t\t\t\t<div class=\"elementor-container elementor-column-gap-no\">\n\t\t\t\t\t<div class=\"elementor-column elementor-col-50 elementor-top-column elementor-element elementor-element-7eebc03 cd-bg-color-white\" data-id=\"7eebc03\" data-element_type=\"column\">\n\t\t\t<div class=\"elementor-widget-wrap elementor-element-populated\">\n\t\t\t\t\t\t<div class=\"elementor-element elementor-element-508afd6 elementor-widget elementor-widget-shortcode\" data-id=\"508afd6\" data-element_type=\"widget\" data-widget_type=\"shortcode.default\">\n\t\t\t\t\t\t\t<div class=\"elementor-shortcode\">\n<div class=\"wpcf7 no-js\" id=\"wpcf7-f13816-o1\" lang=\"en-US\" dir=\"ltr\" data-wpcf7-id=\"13816\">\n<div class=\"screen-reader-response\"><p role=\"status\" aria-live=\"polite\" aria-atomic=\"true\"><\/p> <ul><\/ul><\/div>\n<form action=\"\/en\/wp-json\/wp\/v2\/pages\/13476#wpcf7-f13816-o1\" method=\"post\" class=\"wpcf7-form init\" aria-label=\"Contact form\" novalidate=\"novalidate\" data-status=\"init\" data-trp-original-action=\"\/en\/wp-json\/wp\/v2\/pages\/13476#wpcf7-f13816-o1\">\n<fieldset class=\"hidden-fields-container\"><input type=\"hidden\" name=\"_wpcf7\" value=\"13816\" \/><input type=\"hidden\" name=\"_wpcf7_version\" value=\"6.1.2\" \/><input type=\"hidden\" name=\"_wpcf7_locale\" value=\"en_US\" \/><input type=\"hidden\" name=\"_wpcf7_unit_tag\" value=\"wpcf7-f13816-o1\" \/><input type=\"hidden\" name=\"_wpcf7_container_post\" value=\"0\" \/><input type=\"hidden\" name=\"_wpcf7_posted_data_hash\" value=\"\" \/>\n<\/fieldset>\n<div class=\"team-form\">\n\t<div class=\"row\">\n\t\t<div class=\"col-sm-6\">\n\t\t\t<div class=\"input-group\">\n\t\t\t\t<p><label for=\"nombre-poda\">Tu nombre*<\/label><br \/>\n<span class=\"wpcf7-form-control-wrap\" data-name=\"your-name\"><input size=\"40\" maxlength=\"400\" class=\"wpcf7-form-control wpcf7-text\" id=\"nombre-poda\" aria-invalid=\"false\" placeholder=\"Tu nombre*\" value=\"\" type=\"text\" name=\"your-name\" \/><\/span>\n\t\t\t\t<\/p>\n\t\t\t<\/div>\n\t\t<\/div>\n\t\t<div class=\"col-sm-6\">\n\t\t\t<div class=\"input-group\">\n\t\t\t\t<p><label for=\"email-poda\">Tu correo*<\/label><br \/>\n<span class=\"wpcf7-form-control-wrap\" data-name=\"your-email\"><input size=\"40\" maxlength=\"400\" class=\"wpcf7-form-control wpcf7-email wpcf7-validates-as-required wpcf7-text wpcf7-validates-as-email\" id=\"email-poda\" aria-required=\"true\" aria-invalid=\"false\" placeholder=\"Tu correo*\" value=\"\" type=\"email\" name=\"your-email\" \/><\/span>\n\t\t\t\t<\/p>\n\t\t\t<\/div>\n\t\t<\/div>\n\t\t<div class=\"col-sm-6\">\n\t\t\t<div class=\"input-group\">\n\t\t\t\t<p><label for=\"tel-poda\">Tu tel\u00e9fono*<\/label><br \/>\n<span class=\"wpcf7-form-control-wrap\" data-name=\"your-phone\"><input size=\"40\" maxlength=\"400\" class=\"wpcf7-form-control wpcf7-text wpcf7-validates-as-required\" id=\"tel-poda\" aria-required=\"true\" aria-invalid=\"false\" placeholder=\"Tu tel\u00e9fono*\" value=\"\" type=\"text\" name=\"your-phone\" \/><\/span>\n\t\t\t\t<\/p>\n\t\t\t<\/div>\n\t\t<\/div>\n\t\t<div class=\"col-sm-6\">\n\t\t\t<div class=\"input-group\">\n\t\t\t\t<p><label for=\"servicio-poda\">Selecciona el servicio *<\/label><br \/>\n<span class=\"wpcf7-form-control-wrap\" data-name=\"select-576\"><select class=\"wpcf7-form-control wpcf7-select\" id=\"servicio-poda\" aria-invalid=\"false\" name=\"select-576\"><option value=\"\">--- Selecciona el servicio ---<\/option><option value=\"Poda en altura\">Poda en altura<\/option><option value=\"Sistemas de riego\">Sistemas de riego<\/option><option value=\"Dise\u00f1o y paisajismo\">Dise\u00f1o y paisajismo<\/option><option value=\"Mantenimiento integral\">Mantenimiento integral<\/option><option value=\"Obras y reformas de jardines\">Obras y reformas de jardines<\/option><\/select><\/span>\n\t\t\t\t<\/p>\n\t\t\t<\/div>\n\t\t<\/div>\n\t\t<div class=\"col-sm-12\">\n\t\t\t<div class=\"input-group\">\n\t\t\t\t<p><label for=\"mensaje-poda\">\u00a1Cu\u00e9ntanos un poco m\u00e1s!<\/label><br \/>\n<span class=\"wpcf7-form-control-wrap\" data-name=\"textarea-403\"><textarea cols=\"40\" rows=\"4\" maxlength=\"2000\" class=\"wpcf7-form-control wpcf7-textarea\" id=\"mensaje-poda\" aria-invalid=\"false\" placeholder=\"\u00a1Cu\u00e9ntanos un poco m\u00e1s!\" name=\"textarea-403\"><\/textarea><\/span>\n\t\t\t\t<\/p>\n\t\t\t<\/div>\n\t\t<\/div>\n\t\t<div class=\"col-sm-5\">\n\t\t\t<div class=\"input-group input-button\">\n\t\t\t\t<p><input class=\"wpcf7-form-control wpcf7-submit has-spinner\" type=\"submit\" value=\"Enviar\" \/>\n\t\t\t\t<\/p>\n\t\t\t<\/div>\n\t\t<\/div>\n\t<\/div>\n<\/div><div class=\"wpcf7-response-output\" aria-hidden=\"true\"><\/div>\n<input type=\"hidden\" name=\"trp-form-language\" value=\"en\"\/><\/form>\n<\/div>\n<\/div>\n\t\t\t\t\t\t<\/div>\n\t\t\t\t\t<\/div>\n\t\t<\/div>\n\t\t\t\t<div class=\"elementor-column elementor-col-50 elementor-top-column elementor-element elementor-element-3f63013 cd-bg-color-white\" data-id=\"3f63013\" data-element_type=\"column\">\n\t\t\t<div class=\"elementor-widget-wrap elementor-element-populated\">\n\t\t\t\t\t\t<div class=\"elementor-element elementor-element-3496cba elementor-widget__width-initial elementor-widget elementor-widget-text-editor\" data-id=\"3496cba\" data-element_type=\"widget\" data-widget_type=\"text-editor.default\">\n\t\t\t\t\t\t\t\t\t<ul><li data-start=\"848\" data-end=\"910\"><p data-start=\"850\" data-end=\"910\"><strong data-start=\"850\" data-end=\"871\">Respuesta r\u00e1pida:<\/strong> Te contestamos cuanto antes.<\/p><\/li><li data-start=\"911\" data-end=\"975\"><p data-start=\"913\" data-end=\"975\"><strong data-start=\"913\" data-end=\"942\">Presupuesto transparente:<\/strong> Sin sorpresas, todo detallado.<\/p><\/li><li data-start=\"976\" data-end=\"1062\"><p data-start=\"978\" data-end=\"1062\"><strong data-start=\"978\" data-end=\"1004\">Adaptado a tu espacio:<\/strong> Desde jardines privados hasta urbanizaciones completas.<\/p><\/li><li data-start=\"976\" data-end=\"1062\"><p data-start=\"978\" data-end=\"1062\"><strong data-start=\"1065\" data-end=\"1100\">Expertos en altura y seguridad:<\/strong> Profesionales certificados para trabajos de poda y jardiner\u00eda compleja.<\/p><\/li><\/ul>\t\t\t\t\t\t\t\t<\/div>\n\t\t\t\t\t<\/div>\n\t\t<\/div>\n\t\t\t\t\t<\/div>\n\t\t<\/div>\n\t\t\t\t<\/div>","protected":false},"excerpt":{"rendered":"<p>Pide presupuesto Tu jard\u00edn perfecto empieza aqu\u00ed Cu\u00e9ntanos qu\u00e9 necesitas y te prepararemos un presupuesto personalizado, sin compromiso. Nos adaptamos a tus tiempos, respetamos tu espacio y garantizamos la m\u00e1xima profesionalidad en cada trabajo. Respuesta r\u00e1pida: Te contestamos cuanto antes. Presupuesto transparente: Sin sorpresas, todo detallado. Adaptado a tu espacio: Desde jardines privados hasta urbanizaciones [&hellip;]<\/p>","protected":false},"author":1,"featured_media":0,"parent":0,"menu_order":19,"comment_status":"closed","ping_status":"closed","template":"elementor_header_footer","meta":{"footnotes":""},"class_list":["post-13476","page","type-page","status-publish","hentry","without-image"],"yoast_head":"<!-- This site is optimized with the Yoast SEO plugin v26.3 - https:\/\/yoast.com\/wordpress\/plugins\/seo\/ -->\n<title>Tu presupuesto - Natura Jardiner\u00eda<\/title>\n<meta name=\"robots\" content=\"index, follow, max-snippet:-1, max-image-preview:large, max-video-preview:-1\" \/>\n<link rel=\"canonical\" href=\"https:\/\/www.naturajardineria.es\/en\/tu-presupuesto\/\" \/>\n<meta property=\"og:locale\" content=\"en_GB\" \/>\n<meta property=\"og:type\" content=\"article\" \/>\n<meta property=\"og:title\" content=\"Tu presupuesto - Natura Jardiner\u00eda\" \/>\n<meta property=\"og:description\" content=\"Pide presupuesto Tu jard\u00edn perfecto empieza aqu\u00ed Cu\u00e9ntanos qu\u00e9 necesitas y te prepararemos un presupuesto personalizado, sin compromiso. Nos adaptamos a tus tiempos, respetamos tu espacio y garantizamos la m\u00e1xima profesionalidad en cada trabajo. Respuesta r\u00e1pida: Te contestamos cuanto antes. Presupuesto transparente: Sin sorpresas, todo detallado. Adaptado a tu espacio: Desde jardines privados hasta urbanizaciones [&hellip;]\" \/>\n<meta property=\"og:url\" content=\"https:\/\/www.naturajardineria.es\/en\/tu-presupuesto\/\" \/>\n<meta property=\"og:site_name\" content=\"Natura Jardiner\u00eda\" \/>\n<meta property=\"article:modified_time\" content=\"2026-02-03T15:24:25+00:00\" \/>\n<meta name=\"twitter:card\" content=\"summary_large_image\" \/>\n<meta name=\"twitter:label1\" content=\"Estimated reading time\" \/>\n\t<meta name=\"twitter:data1\" content=\"1 minute\" \/>\n<script type=\"application\/ld+json\" class=\"yoast-schema-graph\">{\"@context\":\"https:\/\/schema.org\",\"@graph\":[{\"@type\":\"WebPage\",\"@id\":\"https:\/\/www.naturajardineria.es\/tu-presupuesto\/\",\"url\":\"https:\/\/www.naturajardineria.es\/tu-presupuesto\/\",\"name\":\"Tu presupuesto - Natura Jardiner\u00eda\",\"isPartOf\":{\"@id\":\"https:\/\/www.naturajardineria.es\/#website\"},\"datePublished\":\"2025-10-27T16:08:18+00:00\",\"dateModified\":\"2026-02-03T15:24:25+00:00\",\"breadcrumb\":{\"@id\":\"https:\/\/www.naturajardineria.es\/tu-presupuesto\/#breadcrumb\"},\"inLanguage\":\"en-GB\",\"potentialAction\":[{\"@type\":\"ReadAction\",\"target\":[\"https:\/\/www.naturajardineria.es\/tu-presupuesto\/\"]}]},{\"@type\":\"BreadcrumbList\",\"@id\":\"https:\/\/www.naturajardineria.es\/tu-presupuesto\/#breadcrumb\",\"itemListElement\":[{\"@type\":\"ListItem\",\"position\":1,\"name\":\"Portada\",\"item\":\"https:\/\/www.naturajardineria.es\/\"},{\"@type\":\"ListItem\",\"position\":2,\"name\":\"Tu presupuesto\"}]},{\"@type\":\"WebSite\",\"@id\":\"https:\/\/www.naturajardineria.es\/#website\",\"url\":\"https:\/\/www.naturajardineria.es\/\",\"name\":\"Natura Jardiner\u00eda\",\"description\":\"\",\"publisher\":{\"@id\":\"https:\/\/www.naturajardineria.es\/#organization\"},\"potentialAction\":[{\"@type\":\"SearchAction\",\"target\":{\"@type\":\"EntryPoint\",\"urlTemplate\":\"https:\/\/www.naturajardineria.es\/?s={search_term_string}\"},\"query-input\":{\"@type\":\"PropertyValueSpecification\",\"valueRequired\":true,\"valueName\":\"search_term_string\"}}],\"inLanguage\":\"en-GB\"},{\"@type\":\"Organization\",\"@id\":\"https:\/\/www.naturajardineria.es\/#organization\",\"name\":\"Natura Jardiner\u00eda\",\"url\":\"https:\/\/www.naturajardineria.es\/\",\"logo\":{\"@type\":\"ImageObject\",\"inLanguage\":\"en-GB\",\"@id\":\"https:\/\/www.naturajardineria.es\/#\/schema\/logo\/image\/\",\"url\":\"https:\/\/www.naturajardineria.es\/wp-content\/uploads\/2025\/10\/cropped-Mesa-de-trabajo-1.png\",\"contentUrl\":\"https:\/\/www.naturajardineria.es\/wp-content\/uploads\/2025\/10\/cropped-Mesa-de-trabajo-1.png\",\"width\":250,\"height\":250,\"caption\":\"Natura Jardiner\u00eda\"},\"image\":{\"@id\":\"https:\/\/www.naturajardineria.es\/#\/schema\/logo\/image\/\"}}]}<\/script>\n<!-- \/ Yoast SEO plugin. -->","yoast_head_json":{"title":"Tu presupuesto - Natura Jardiner\u00eda","robots":{"index":"index","follow":"follow","max-snippet":"max-snippet:-1","max-image-preview":"max-image-preview:large","max-video-preview":"max-video-preview:-1"},"canonical":"https:\/\/www.naturajardineria.es\/en\/tu-presupuesto\/","og_locale":"en_GB","og_type":"article","og_title":"Tu presupuesto - Natura Jardiner\u00eda","og_description":"Pide presupuesto Tu jard\u00edn perfecto empieza aqu\u00ed Cu\u00e9ntanos qu\u00e9 necesitas y te prepararemos un presupuesto personalizado, sin compromiso. Nos adaptamos a tus tiempos, respetamos tu espacio y garantizamos la m\u00e1xima profesionalidad en cada trabajo. Respuesta r\u00e1pida: Te contestamos cuanto antes. Presupuesto transparente: Sin sorpresas, todo detallado. Adaptado a tu espacio: Desde jardines privados hasta urbanizaciones [&hellip;]","og_url":"https:\/\/www.naturajardineria.es\/en\/tu-presupuesto\/","og_site_name":"Natura Jardiner\u00eda","article_modified_time":"2026-02-03T15:24:25+00:00","twitter_card":"summary_large_image","twitter_misc":{"Estimated reading time":"1 minute"},"schema":{"@context":"https:\/\/schema.org","@graph":[{"@type":"WebPage","@id":"https:\/\/www.naturajardineria.es\/tu-presupuesto\/","url":"https:\/\/www.naturajardineria.es\/tu-presupuesto\/","name":"Tu presupuesto - Natura Jardiner\u00eda","isPartOf":{"@id":"https:\/\/www.naturajardineria.es\/#website"},"datePublished":"2025-10-27T16:08:18+00:00","dateModified":"2026-02-03T15:24:25+00:00","breadcrumb":{"@id":"https:\/\/www.naturajardineria.es\/tu-presupuesto\/#breadcrumb"},"inLanguage":"en-GB","potentialAction":[{"@type":"ReadAction","target":["https:\/\/www.naturajardineria.es\/tu-presupuesto\/"]}]},{"@type":"BreadcrumbList","@id":"https:\/\/www.naturajardineria.es\/tu-presupuesto\/#breadcrumb","itemListElement":[{"@type":"ListItem","position":1,"name":"Portada","item":"https:\/\/www.naturajardineria.es\/"},{"@type":"ListItem","position":2,"name":"Tu presupuesto"}]},{"@type":"WebSite","@id":"https:\/\/www.naturajardineria.es\/#website","url":"https:\/\/www.naturajardineria.es\/","name":"Natura Jardiner\u00eda","description":"","publisher":{"@id":"https:\/\/www.naturajardineria.es\/#organization"},"potentialAction":[{"@type":"SearchAction","target":{"@type":"EntryPoint","urlTemplate":"https:\/\/www.naturajardineria.es\/?s={search_term_string}"},"query-input":{"@type":"PropertyValueSpecification","valueRequired":true,"valueName":"search_term_string"}}],"inLanguage":"en-GB"},{"@type":"Organization","@id":"https:\/\/www.naturajardineria.es\/#organization","name":"Natura Jardiner\u00eda","url":"https:\/\/www.naturajardineria.es\/","logo":{"@type":"ImageObject","inLanguage":"en-GB","@id":"https:\/\/www.naturajardineria.es\/#\/schema\/logo\/image\/","url":"https:\/\/www.naturajardineria.es\/wp-content\/uploads\/2025\/10\/cropped-Mesa-de-trabajo-1.png","contentUrl":"https:\/\/www.naturajardineria.es\/wp-content\/uploads\/2025\/10\/cropped-Mesa-de-trabajo-1.png","width":250,"height":250,"caption":"Natura Jardiner\u00eda"},"image":{"@id":"https:\/\/www.naturajardineria.es\/#\/schema\/logo\/image\/"}}]}},"_links":{"self":[{"href":"https:\/\/www.naturajardineria.es\/en\/wp-json\/wp\/v2\/pages\/13476","targetHints":{"allow":["GET"]}}],"collection":[{"href":"https:\/\/www.naturajardineria.es\/en\/wp-json\/wp\/v2\/pages"}],"about":[{"href":"https:\/\/www.naturajardineria.es\/en\/wp-json\/wp\/v2\/types\/page"}],"author":[{"embeddable":true,"href":"https:\/\/www.naturajardineria.es\/en\/wp-json\/wp\/v2\/users\/1"}],"replies":[{"embeddable":true,"href":"https:\/\/www.naturajardineria.es\/en\/wp-json\/wp\/v2\/comments?post=13476"}],"version-history":[{"count":31,"href":"https:\/\/www.naturajardineria.es\/en\/wp-json\/wp\/v2\/pages\/13476\/revisions"}],"predecessor-version":[{"id":13819,"href":"https:\/\/www.naturajardineria.es\/en\/wp-json\/wp\/v2\/pages\/13476\/revisions\/13819"}],"wp:attachment":[{"href":"https:\/\/www.naturajardineria.es\/en\/wp-json\/wp\/v2\/media?parent=13476"}],"curies":[{"name":"wp","href":"https:\/\/api.w.org\/{rel}","templated":true}]}}