{"id":1335,"date":"2020-07-21T20:50:37","date_gmt":"2020-07-21T20:50:37","guid":{"rendered":"http:\/\/themeshelby.com\/attarni\/?page_id=1335"},"modified":"2026-02-03T14:37:24","modified_gmt":"2026-02-03T14:37:24","slug":"contacto","status":"publish","type":"page","link":"https:\/\/www.naturajardineria.es\/en\/contacto\/","title":{"rendered":"Contacto"},"content":{"rendered":"<div data-elementor-type=\"wp-page\" data-elementor-id=\"1335\" class=\"elementor elementor-1335\">\n\t\t\t\t\t\t<div class=\"elementor-section elementor-top-section elementor-element elementor-element-ed85ab1 elementor-section-stretched cd-bg-color-white elementor-section-boxed elementor-section-height-default elementor-section-height-default\" data-id=\"ed85ab1\" data-element_type=\"section\" data-settings=\"{&quot;stretch_section&quot;:&quot;section-stretched&quot;}\">\n\t\t\t\t\t\t<div class=\"elementor-container elementor-column-gap-no\">\n\t\t\t\t\t<div class=\"elementor-column elementor-col-50 elementor-top-column elementor-element elementor-element-be0e8d9 cd-bg-color-white\" data-id=\"be0e8d9\" data-element_type=\"column\">\n\t\t\t<div class=\"elementor-widget-wrap elementor-element-populated\">\n\t\t\t\t\t\t<section class=\"elementor-section elementor-inner-section elementor-element elementor-element-17352db elementor-section-boxed elementor-section-height-default elementor-section-height-default cd-bg-color-transparent\" data-id=\"17352db\" data-element_type=\"section\">\n\t\t\t\t\t\t<div class=\"elementor-container elementor-column-gap-default\">\n\t\t\t\t\t<div class=\"elementor-column elementor-col-100 elementor-inner-column elementor-element elementor-element-6daae67 cd-bg-color-tertiary infobox-style-9-secound\" data-id=\"6daae67\" data-element_type=\"column\">\n\t\t\t<div class=\"elementor-widget-wrap elementor-element-populated\">\n\t\t\t\t\t\t<div class=\"elementor-element elementor-element-928ae59 elementor-widget elementor-widget-hkangles-infobox\" data-id=\"928ae59\" data-element_type=\"widget\" data-widget_type=\"hkangles-infobox.default\">\n\t\t\t\t<div class=\"elementor-widget-container\">\n\t\t\t\t\t\t\t<div class=\"hkangles-elementor-widgethkangles_infobox_wrapper infobox-style-9 hkangles-infobox1213486898 icon-type-font\">\n\t\t\t<div class=\"hkangles-infobox-wrapper d-flex\">\r\n\t\t\t\t\t<div class=\"hkangles-infobox-icon\"><span class=\"icon-cound-number\"><\/span><i aria-hidden=\"true\" class=\"flaticon flaticon-placeholder\"><\/i><\/div>\r\n\t\t\t\t\t<div class=\"hkangles-infobox-content\">\r\n\t\t\t\t\t<h3 class=\"hkangles-infobox-title\">Oficina<\/h3>\r\n\t\t\t\t\t\t<div class=\"hkangles-infobox-text\">Calle Bonn 9\n<br>5003 - Zaragoza\n<br>Espa\u00f1a<\/div>\r\n\t\t\t\t<\/div>\r\n<\/div>\t\t<\/div>\n\t\t\t\t\t\t<\/div>\n\t\t\t\t<\/div>\n\t\t\t\t<div class=\"elementor-element elementor-element-af87f38 elementor-widget elementor-widget-hkangles-infobox\" data-id=\"af87f38\" data-element_type=\"widget\" data-widget_type=\"hkangles-infobox.default\">\n\t\t\t\t<div class=\"elementor-widget-container\">\n\t\t\t\t\t\t\t<div class=\"hkangles-elementor-widgethkangles_infobox_wrapper infobox-style-9 hkangles-infobox1791723006 icon-type-font\">\n\t\t\t<div class=\"hkangles-infobox-wrapper d-flex\">\r\n\t\t\t\t\t<div class=\"hkangles-infobox-icon\"><span class=\"icon-cound-number\"><\/span><i aria-hidden=\"true\" class=\"flaticon flaticon-phone-call\"><\/i><\/div>\r\n\t\t\t\t\t<div class=\"hkangles-infobox-content\">\r\n\t\t\t\t\t<h3 class=\"hkangles-infobox-title\">Tel\u00e9fono<\/h3>\r\n\t\t\t\t\t\t<div class=\"hkangles-infobox-text\">+34 656 83 54 82<\/div>\r\n\t\t\t\t<\/div>\r\n<\/div>\t\t<\/div>\n\t\t\t\t\t\t<\/div>\n\t\t\t\t<\/div>\n\t\t\t\t<div class=\"elementor-element elementor-element-70e4428c elementor-widget elementor-widget-hkangles-infobox\" data-id=\"70e4428c\" data-element_type=\"widget\" data-widget_type=\"hkangles-infobox.default\">\n\t\t\t\t<div class=\"elementor-widget-container\">\n\t\t\t\t\t\t\t<div class=\"hkangles-elementor-widgethkangles_infobox_wrapper infobox-style-9 hkangles-infobox1028966703 icon-type-font\">\n\t\t\t<div class=\"hkangles-infobox-wrapper d-flex\">\r\n\t\t\t\t\t<div class=\"hkangles-infobox-icon\"><span class=\"icon-cound-number\"><\/span><i aria-hidden=\"true\" class=\"flaticon flaticon-email-1\"><\/i><\/div>\r\n\t\t\t\t\t<div class=\"hkangles-infobox-content\">\r\n\t\t\t\t\t<h3 class=\"hkangles-infobox-title\">Correo eletr\u00f3nico<\/h3>\r\n\t\t\t\t\t\t<div class=\"hkangles-infobox-text\">infonaturajardineria@gmail.com<\/div>\r\n\t\t\t\t<\/div>\r\n<\/div>\t\t<\/div>\n\t\t\t\t\t\t<\/div>\n\t\t\t\t<\/div>\n\t\t\t\t<div class=\"elementor-element elementor-element-11113f5 hkangles-social-contact-icon elementor-hidden-desktop elementor-hidden-tablet elementor-hidden-mobile elementor-widget elementor-widget-text-editor\" data-id=\"11113f5\" data-element_type=\"widget\" data-widget_type=\"text-editor.default\">\n\t\t\t\t\t<div class=\"social-info-wrapper\">\r\n\t<ul class=\"social-info\">\r\n\t\t\t\t<li class=\"social-facebook\">\r\n\t\t\t\t<a class=\"social-icon\" target=\"_blank\" href=\"#\" rel=\"nofollow\"><i class=\"fab fa-twitter\"><\/i><\/a>\r\n\t\t\t<\/li>\r\n\t\t\t\t\t\t<li class=\"social-facebook\">\r\n\t\t\t\t<a class=\"social-icon\" target=\"_blank\" href=\"#\" rel=\"nofollow\"><i class=\"fab fa-youtube\"><\/i><\/a>\r\n\t\t\t<\/li>\r\n\t\t\t\t\t\t<li class=\"social-facebook\">\r\n\t\t\t\t<a class=\"social-icon\" target=\"_blank\" href=\"#\" rel=\"nofollow\"><i class=\"fab fa-facebook\"><\/i><\/a>\r\n\t\t\t<\/li>\r\n\t\t\t\t\t\t<li class=\"social-facebook\">\r\n\t\t\t\t<a class=\"social-icon\" target=\"_blank\" href=\"#\" rel=\"nofollow\"><i class=\"fab fa-linkedin\"><\/i><\/a>\r\n\t\t\t<\/li>\r\n\t\t\t\t<\/ul>\r\n<\/div>\r\n\t\t\t\t<p><\/p>\t\t\t\t\t\t\t\t<\/div>\n\t\t\t\t\t<\/div>\n\t\t<\/div>\n\t\t\t\t\t<\/div>\n\t\t<\/section>\n\t\t\t\t\t<\/div>\n\t\t<\/div>\n\t\t\t\t<div class=\"elementor-column elementor-col-50 elementor-top-column elementor-element elementor-element-5fed021 cd-right-expand cd-bg-color-tertiary\" data-id=\"5fed021\" data-element_type=\"column\">\n\t\t\t<div class=\"elementor-widget-wrap elementor-element-populated\">\n\t\t\t\t\t\t<section class=\"elementor-section elementor-inner-section elementor-element elementor-element-5da2f57 cd-bg-color-white hkangles-contact-form-submit elementor-section-boxed elementor-section-height-default elementor-section-height-default\" data-id=\"5da2f57\" data-element_type=\"section\">\n\t\t\t\t\t\t<div class=\"elementor-container elementor-column-gap-no\">\n\t\t\t\t\t<div class=\"elementor-column elementor-col-100 elementor-inner-column elementor-element elementor-element-d3597ba cd-bg-color-transparent\" data-id=\"d3597ba\" data-element_type=\"column\">\n\t\t\t<div class=\"elementor-widget-wrap elementor-element-populated\">\n\t\t\t\t\t\t<div class=\"elementor-element elementor-element-8a1d70f elementor-widget elementor-widget-hkangles-custom-heading\" data-id=\"8a1d70f\" data-element_type=\"widget\" data-widget_type=\"hkangles-custom-heading.default\">\n\t\t\t\t<div class=\"elementor-widget-container\">\n\t\t\t\t\t\t\t<div class=\"hkangles_custom_heading_wrapper hkangles-custom-heading1493534706 custom-heading-style-1 subtitle-text-uppercase title-text- heading-alignment-left\">\r\n\t\t\t<div class=\"hkangles-custom-heading-wrapper\">\r\n\t\t\t<div class=\"hkangles-heading-subtitle-wrapper\">\r\n\t\t\t<h3 class=\"heading-subtitle\">\r\n\t\t\t\tLlena el formulario\t\t\t<\/h3>\r\n\t\t<\/div>\r\n\t\t\t\t<div class=\"hkangles-heading-title-wrapper\">\r\n\t\t\t<h2 class=\"heading-title\">\r\n\t\t\t\tCont\u00e1ctanos\t\t\t<\/h2>\r\n\t\t<\/div>\r\n\t\t<\/div>\t\t<\/div>\r\n\t\t\t\t\t\t<\/div>\n\t\t\t\t<\/div>\n\t\t\t\t<div class=\"elementor-element elementor-element-c965c14 elementor-widget elementor-widget-shortcode\" data-id=\"c965c14\" data-element_type=\"widget\" data-widget_type=\"shortcode.default\">\n\t\t\t\t\t\t\t<div class=\"elementor-shortcode\">\n<div class=\"wpcf7 no-js\" id=\"wpcf7-f2293-o1\" lang=\"en-US\" dir=\"ltr\" data-wpcf7-id=\"2293\">\n<div class=\"screen-reader-response\"><p role=\"status\" aria-live=\"polite\" aria-atomic=\"true\"><\/p> <ul><\/ul><\/div>\n<form action=\"\/en\/wp-json\/wp\/v2\/pages\/1335#wpcf7-f2293-o1\" method=\"post\" class=\"wpcf7-form init\" aria-label=\"Contact form\" novalidate=\"novalidate\" data-status=\"init\" data-trp-original-action=\"\/en\/wp-json\/wp\/v2\/pages\/1335#wpcf7-f2293-o1\">\n<fieldset class=\"hidden-fields-container\"><input type=\"hidden\" name=\"_wpcf7\" value=\"2293\" \/><input type=\"hidden\" name=\"_wpcf7_version\" value=\"6.1.2\" \/><input type=\"hidden\" name=\"_wpcf7_locale\" value=\"en_US\" \/><input type=\"hidden\" name=\"_wpcf7_unit_tag\" value=\"wpcf7-f2293-o1\" \/><input type=\"hidden\" name=\"_wpcf7_container_post\" value=\"0\" \/><input type=\"hidden\" name=\"_wpcf7_posted_data_hash\" value=\"\" \/>\n<\/fieldset>\n<div class=\"planto-main-form2\">\n\t<div class=\"row\">\n\n <!-- Nombre -->\n\t\t<div class=\"col-sm-12\">\n\t\t\t<p><label for=\"cf-name\" class=\"sr-only\"><br \/>\nNombre (obligatorio)<br \/>\n<\/label>\n\t\t\t<\/p>\n\t\t\t<div class=\"input-group\">\n\t\t\t\t<p><span class=\"wpcf7-form-control-wrap\" data-name=\"your-name\"><input size=\"40\" maxlength=\"400\" class=\"wpcf7-form-control wpcf7-text wpcf7-validates-as-required\" id=\"cf-name\" autocomplete=\"name\" aria-required=\"true\" aria-invalid=\"false\" placeholder=\"Nombre *\" value=\"\" type=\"text\" name=\"your-name\" \/><\/span>\n\t\t\t\t<\/p>\n\t\t\t<\/div>\n\t\t<\/div>\n\n <!-- Email -->\n\t\t<div class=\"col-sm-12\">\n\t\t\t<p><label for=\"cf-email\" class=\"sr-only\"><br \/>\nCorreo electr\u00f3nico (obligatorio)<br \/>\n<\/label>\n\t\t\t<\/p>\n\t\t\t<div class=\"input-group\">\n\t\t\t\t<p><span class=\"wpcf7-form-control-wrap\" data-name=\"your-email\"><input size=\"40\" maxlength=\"400\" class=\"wpcf7-form-control wpcf7-email wpcf7-validates-as-required wpcf7-text wpcf7-validates-as-email\" id=\"cf-email\" autocomplete=\"email\" aria-required=\"true\" aria-invalid=\"false\" placeholder=\"Correo electr\u00f3nico *\" value=\"\" type=\"email\" name=\"your-email\" \/><\/span>\n\t\t\t\t<\/p>\n\t\t\t<\/div>\n\t\t<\/div>\n\n <!-- Tel\u00e9fono -->\n\t\t<div class=\"col-sm-12\">\n\t\t\t<p><label for=\"cf-phone\" class=\"sr-only\"><br \/>\nN\u00famero de contacto (obligatorio)<br \/>\n<\/label>\n\t\t\t<\/p>\n\t\t\t<div class=\"input-group\">\n\t\t\t\t<p><span class=\"wpcf7-form-control-wrap\" data-name=\"tel-183\"><input size=\"40\" maxlength=\"400\" class=\"wpcf7-form-control wpcf7-tel wpcf7-validates-as-required wpcf7-text wpcf7-validates-as-tel\" id=\"cf-phone\" autocomplete=\"tel\" aria-required=\"true\" aria-invalid=\"false\" placeholder=\"N\u00famero de contacto *\" value=\"\" type=\"tel\" name=\"tel-183\" \/><\/span>\n\t\t\t\t<\/p>\n\t\t\t<\/div>\n\t\t<\/div>\n\n <!-- Mensaje -->\n\t\t<div class=\"col-sm-12\">\n\t\t\t<p><label for=\"cf-message\" class=\"sr-only\"><br \/>\nMensaje<br \/>\n<\/label>\n\t\t\t<\/p>\n\t\t\t<div class=\"input-group\">\n\t\t\t\t<p><span class=\"wpcf7-form-control-wrap\" data-name=\"your-message\"><textarea cols=\"40\" rows=\"10\" maxlength=\"2000\" class=\"wpcf7-form-control wpcf7-textarea wpcf7-validates-as-required\" id=\"cf-message\" aria-required=\"true\" aria-invalid=\"false\" placeholder=\"Cu\u00e9ntanos en qu\u00e9 podemos ayudarte\" name=\"your-message\"><\/textarea><\/span>\n\t\t\t\t<\/p>\n\t\t\t<\/div>\n\t\t<\/div>\n\n <!-- Pol\u00edtica de privacidad -->\n\t\t<div class=\"col-sm-12\">\n\t\t\t<fieldset>\n\t\t\t\t<legend class=\"sr-only\">Consentimiento de privacidad\n\t\t\t\t<\/legend>\n\t\t\t\t<div class=\"input-group checkbox-group\">\n\t\t\t\t\t<p><span class=\"wpcf7-form-control-wrap\" data-name=\"acceptance-privacy\"><span class=\"wpcf7-form-control wpcf7-acceptance\"><span class=\"wpcf7-list-item\"><label><input type=\"checkbox\" name=\"acceptance-privacy\" value=\"1\" aria-invalid=\"false\" \/><span class=\"wpcf7-list-item-label\">He le\u00eddo y acepto la <a href=\"\/en\/politica-de-privacidad\/\">pol\u00edtica de privacidad<\/a>.<\/span><\/label><\/span><\/span><\/span>\n\t\t\t\t\t<\/p>\n\t\t\t\t<\/div>\n\t\t\t<\/fieldset>\n\t\t<\/div>\n\n <!-- Bot\u00f3n -->\n\t\t<div class=\"col-sm-12\">\n\t\t\t<div class=\"input-group input-button\">\n\t\t\t\t<p><input class=\"wpcf7-form-control wpcf7-submit has-spinner\" type=\"submit\" value=\"Enviar mensaje\" \/>\n\t\t\t\t<\/p>\n\t\t\t<\/div>\n\t\t<\/div>\n\t<\/div>\n<\/div><div class=\"wpcf7-response-output\" aria-hidden=\"true\"><\/div>\n<input type=\"hidden\" name=\"trp-form-language\" value=\"en\"\/><\/form>\n<\/div>\n<\/div>\n\t\t\t\t\t\t<\/div>\n\t\t\t\t\t<\/div>\n\t\t<\/div>\n\t\t\t\t\t<\/div>\n\t\t<\/section>\n\t\t\t\t\t<\/div>\n\t\t<\/div>\n\t\t\t\t\t<\/div>\n\t\t<\/div>\n\t\t\t\t<div class=\"elementor-section elementor-top-section elementor-element elementor-element-116006f8 elementor-section-full_width elementor-section-stretched elementor-section-height-default elementor-section-height-default cd-bg-color-transparent\" data-id=\"116006f8\" data-element_type=\"section\" data-settings=\"{&quot;stretch_section&quot;:&quot;section-stretched&quot;}\">\n\t\t\t\t\t\t<div class=\"elementor-container elementor-column-gap-no\">\n\t\t\t\t\t<div class=\"elementor-column elementor-col-100 elementor-top-column elementor-element elementor-element-457f9e04 cd-bg-color-transparent\" data-id=\"457f9e04\" data-element_type=\"column\">\n\t\t\t<div class=\"elementor-widget-wrap elementor-element-populated\">\n\t\t\t\t\t\t<div class=\"elementor-element elementor-element-47260172 elementor-widget elementor-widget-google_maps\" data-id=\"47260172\" data-element_type=\"widget\" data-widget_type=\"google_maps.default\">\n\t\t\t\t\t\t\t<div class=\"elementor-custom-embed\">\n\t\t\t<iframe loading=\"lazy\"\n\t\t\t\t\tsrc=\"https:\/\/maps.google.com\/maps?q=C.%20de%20Bonn%2C%203%2C%2050003%20Zaragoza&#038;t=m&#038;z=15&#038;output=embed&#038;iwloc=near\"\n\t\t\t\t\ttitle=\"C. de Bonn, 3, 50003 Zaragoza\"\n\t\t\t\t\taria-label=\"C. de Bonn, 3, 50003 Zaragoza\"\n\t\t\t><\/iframe>\n\t\t<\/div>\n\t\t\t\t\t\t<\/div>\n\t\t\t\t\t<\/div>\n\t\t<\/div>\n\t\t\t\t\t<\/div>\n\t\t<\/div>\n\t\t\t\t<\/div>","protected":false},"excerpt":{"rendered":"<p>Oficina Calle Bonn 9 5003 &#8211; Zaragoza Espa\u00f1a Tel\u00e9fono +34 656 83 54 82 Correo eletr\u00f3nico infonaturajardineria@gmail.com Llena el formulario Cont\u00e1ctanos<\/p>","protected":false},"author":1,"featured_media":0,"parent":0,"menu_order":19,"comment_status":"closed","ping_status":"closed","template":"elementor_header_footer","meta":{"footnotes":""},"class_list":["post-1335","page","type-page","status-publish","hentry","without-image"],"yoast_head":"<!-- This site is optimized with the Yoast SEO plugin v26.3 - https:\/\/yoast.com\/wordpress\/plugins\/seo\/ -->\n<title>Contacto - Natura Jardiner\u00eda<\/title>\n<meta name=\"robots\" content=\"index, follow, max-snippet:-1, max-image-preview:large, max-video-preview:-1\" \/>\n<link rel=\"canonical\" href=\"https:\/\/www.naturajardineria.es\/en\/contacto\/\" \/>\n<meta property=\"og:locale\" content=\"en_GB\" \/>\n<meta property=\"og:type\" content=\"article\" \/>\n<meta property=\"og:title\" content=\"Contacto - Natura Jardiner\u00eda\" \/>\n<meta property=\"og:description\" content=\"Oficina Calle Bonn 9 5003 &#8211; Zaragoza Espa\u00f1a Tel\u00e9fono +34 656 83 54 82 Correo eletr\u00f3nico infonaturajardineria@gmail.com Llena el formulario Cont\u00e1ctanos\" \/>\n<meta property=\"og:url\" content=\"https:\/\/www.naturajardineria.es\/en\/contacto\/\" \/>\n<meta property=\"og:site_name\" content=\"Natura Jardiner\u00eda\" \/>\n<meta property=\"article:modified_time\" content=\"2026-02-03T14:37:24+00:00\" \/>\n<meta name=\"twitter:card\" content=\"summary_large_image\" \/>\n<meta name=\"twitter:label1\" content=\"Estimated reading time\" \/>\n\t<meta name=\"twitter:data1\" content=\"1 minute\" \/>\n<script type=\"application\/ld+json\" class=\"yoast-schema-graph\">{\"@context\":\"https:\/\/schema.org\",\"@graph\":[{\"@type\":\"WebPage\",\"@id\":\"https:\/\/www.naturajardineria.es\/contacto\/\",\"url\":\"https:\/\/www.naturajardineria.es\/contacto\/\",\"name\":\"Contacto - Natura Jardiner\u00eda\",\"isPartOf\":{\"@id\":\"https:\/\/www.naturajardineria.es\/#website\"},\"datePublished\":\"2020-07-21T20:50:37+00:00\",\"dateModified\":\"2026-02-03T14:37:24+00:00\",\"breadcrumb\":{\"@id\":\"https:\/\/www.naturajardineria.es\/contacto\/#breadcrumb\"},\"inLanguage\":\"en-GB\",\"potentialAction\":[{\"@type\":\"ReadAction\",\"target\":[\"https:\/\/www.naturajardineria.es\/contacto\/\"]}]},{\"@type\":\"BreadcrumbList\",\"@id\":\"https:\/\/www.naturajardineria.es\/contacto\/#breadcrumb\",\"itemListElement\":[{\"@type\":\"ListItem\",\"position\":1,\"name\":\"Portada\",\"item\":\"https:\/\/www.naturajardineria.es\/\"},{\"@type\":\"ListItem\",\"position\":2,\"name\":\"Contacto\"}]},{\"@type\":\"WebSite\",\"@id\":\"https:\/\/www.naturajardineria.es\/#website\",\"url\":\"https:\/\/www.naturajardineria.es\/\",\"name\":\"Natura Jardiner\u00eda\",\"description\":\"\",\"publisher\":{\"@id\":\"https:\/\/www.naturajardineria.es\/#organization\"},\"potentialAction\":[{\"@type\":\"SearchAction\",\"target\":{\"@type\":\"EntryPoint\",\"urlTemplate\":\"https:\/\/www.naturajardineria.es\/?s={search_term_string}\"},\"query-input\":{\"@type\":\"PropertyValueSpecification\",\"valueRequired\":true,\"valueName\":\"search_term_string\"}}],\"inLanguage\":\"en-GB\"},{\"@type\":\"Organization\",\"@id\":\"https:\/\/www.naturajardineria.es\/#organization\",\"name\":\"Natura Jardiner\u00eda\",\"url\":\"https:\/\/www.naturajardineria.es\/\",\"logo\":{\"@type\":\"ImageObject\",\"inLanguage\":\"en-GB\",\"@id\":\"https:\/\/www.naturajardineria.es\/#\/schema\/logo\/image\/\",\"url\":\"https:\/\/www.naturajardineria.es\/wp-content\/uploads\/2025\/10\/cropped-Mesa-de-trabajo-1.png\",\"contentUrl\":\"https:\/\/www.naturajardineria.es\/wp-content\/uploads\/2025\/10\/cropped-Mesa-de-trabajo-1.png\",\"width\":250,\"height\":250,\"caption\":\"Natura Jardiner\u00eda\"},\"image\":{\"@id\":\"https:\/\/www.naturajardineria.es\/#\/schema\/logo\/image\/\"}}]}<\/script>\n<!-- \/ Yoast SEO plugin. -->","yoast_head_json":{"title":"Contacto - Natura Jardiner\u00eda","robots":{"index":"index","follow":"follow","max-snippet":"max-snippet:-1","max-image-preview":"max-image-preview:large","max-video-preview":"max-video-preview:-1"},"canonical":"https:\/\/www.naturajardineria.es\/en\/contacto\/","og_locale":"en_GB","og_type":"article","og_title":"Contacto - Natura Jardiner\u00eda","og_description":"Oficina Calle Bonn 9 5003 &#8211; Zaragoza Espa\u00f1a Tel\u00e9fono +34 656 83 54 82 Correo eletr\u00f3nico infonaturajardineria@gmail.com Llena el formulario Cont\u00e1ctanos","og_url":"https:\/\/www.naturajardineria.es\/en\/contacto\/","og_site_name":"Natura Jardiner\u00eda","article_modified_time":"2026-02-03T14:37:24+00:00","twitter_card":"summary_large_image","twitter_misc":{"Estimated reading time":"1 minute"},"schema":{"@context":"https:\/\/schema.org","@graph":[{"@type":"WebPage","@id":"https:\/\/www.naturajardineria.es\/contacto\/","url":"https:\/\/www.naturajardineria.es\/contacto\/","name":"Contacto - Natura Jardiner\u00eda","isPartOf":{"@id":"https:\/\/www.naturajardineria.es\/#website"},"datePublished":"2020-07-21T20:50:37+00:00","dateModified":"2026-02-03T14:37:24+00:00","breadcrumb":{"@id":"https:\/\/www.naturajardineria.es\/contacto\/#breadcrumb"},"inLanguage":"en-GB","potentialAction":[{"@type":"ReadAction","target":["https:\/\/www.naturajardineria.es\/contacto\/"]}]},{"@type":"BreadcrumbList","@id":"https:\/\/www.naturajardineria.es\/contacto\/#breadcrumb","itemListElement":[{"@type":"ListItem","position":1,"name":"Portada","item":"https:\/\/www.naturajardineria.es\/"},{"@type":"ListItem","position":2,"name":"Contacto"}]},{"@type":"WebSite","@id":"https:\/\/www.naturajardineria.es\/#website","url":"https:\/\/www.naturajardineria.es\/","name":"Natura Jardiner\u00eda","description":"","publisher":{"@id":"https:\/\/www.naturajardineria.es\/#organization"},"potentialAction":[{"@type":"SearchAction","target":{"@type":"EntryPoint","urlTemplate":"https:\/\/www.naturajardineria.es\/?s={search_term_string}"},"query-input":{"@type":"PropertyValueSpecification","valueRequired":true,"valueName":"search_term_string"}}],"inLanguage":"en-GB"},{"@type":"Organization","@id":"https:\/\/www.naturajardineria.es\/#organization","name":"Natura Jardiner\u00eda","url":"https:\/\/www.naturajardineria.es\/","logo":{"@type":"ImageObject","inLanguage":"en-GB","@id":"https:\/\/www.naturajardineria.es\/#\/schema\/logo\/image\/","url":"https:\/\/www.naturajardineria.es\/wp-content\/uploads\/2025\/10\/cropped-Mesa-de-trabajo-1.png","contentUrl":"https:\/\/www.naturajardineria.es\/wp-content\/uploads\/2025\/10\/cropped-Mesa-de-trabajo-1.png","width":250,"height":250,"caption":"Natura Jardiner\u00eda"},"image":{"@id":"https:\/\/www.naturajardineria.es\/#\/schema\/logo\/image\/"}}]}},"_links":{"self":[{"href":"https:\/\/www.naturajardineria.es\/en\/wp-json\/wp\/v2\/pages\/1335","targetHints":{"allow":["GET"]}}],"collection":[{"href":"https:\/\/www.naturajardineria.es\/en\/wp-json\/wp\/v2\/pages"}],"about":[{"href":"https:\/\/www.naturajardineria.es\/en\/wp-json\/wp\/v2\/types\/page"}],"author":[{"embeddable":true,"href":"https:\/\/www.naturajardineria.es\/en\/wp-json\/wp\/v2\/users\/1"}],"replies":[{"embeddable":true,"href":"https:\/\/www.naturajardineria.es\/en\/wp-json\/wp\/v2\/comments?post=1335"}],"version-history":[{"count":28,"href":"https:\/\/www.naturajardineria.es\/en\/wp-json\/wp\/v2\/pages\/1335\/revisions"}],"predecessor-version":[{"id":13806,"href":"https:\/\/www.naturajardineria.es\/en\/wp-json\/wp\/v2\/pages\/1335\/revisions\/13806"}],"wp:attachment":[{"href":"https:\/\/www.naturajardineria.es\/en\/wp-json\/wp\/v2\/media?parent=1335"}],"curies":[{"name":"wp","href":"https:\/\/api.w.org\/{rel}","templated":true}]}}